{"id":630,"date":"2022-12-15T21:44:23","date_gmt":"2022-12-16T00:44:23","guid":{"rendered":"https:\/\/www.capanoadvogados.com.br\/capano\/?page_id=630"},"modified":"2023-07-11T21:03:41","modified_gmt":"2023-07-12T00:03:41","slug":"gislene-donizete-geronimo","status":"publish","type":"page","link":"https:\/\/www.capanoadvogados.com.br\/capano\/attorneys\/gislene-donizete-geronimo\/","title":{"rendered":"Gislene Donizete Ger\u00f4nimo"},"content":{"rendered":"<p>[vc_row row_stretch=&#8221;uk-container-expand uk-padding-remove-horizontal&#8221; row_bottom_shape_divider=&#8221;&#8221;][vc_column width=&#8221;2\/3&#8243; column_sticky_breakpoint=&#8221;@l&#8221; column_enable_sticky=&#8221;true&#8221;]<div data-dahz-shortcode-key=\"1523274412250-aaa968ab-884e\" style=\"\" class=\"de-shortcode__wrapper de-shortcode__wrapper--dahz_single_image uk-margin-uk-margin\">\r\n\t<a class=\"de-single-image__wrapper uk-flex uk-flex-center\">\r\n\t<div>\r\n\t\t<img loading=\"lazy\" decoding=\"async\" width=\"540\" height=\"600\" src=\"https:\/\/www.capanoadvogados.com.br\/capano\/wp-content\/uploads\/2023\/01\/gislene-capano-advogados-2.jpg\" class=\"   attachment-full\" alt=\"\" title=\"gislene-capano-advogados-2\" srcset=\"https:\/\/www.capanoadvogados.com.br\/capano\/wp-content\/uploads\/2023\/01\/gislene-capano-advogados-2.jpg 540w, https:\/\/www.capanoadvogados.com.br\/capano\/wp-content\/uploads\/2023\/01\/gislene-capano-advogados-2-270x300.jpg 270w\" sizes=\"auto, (max-width: 540px) 100vw, 540px\" \/>\t<\/div>\r\n<\/a>\r\n<\/div>\r\n[\/vc_column][vc_column column_padding=&#8221;large&#8221; width=&#8221;1\/3&#8243; css=&#8221;.vc_custom_1523363594706{padding-top: 60px !important;}&#8221;][vc_custom_heading text=&#8221;Gislene Donizete Ger\u00f4nimo&#8221; font_container=&#8221;tag:h1|font_size:46px|text_align:left|line_height:1.25&#8243; use_theme_fonts=&#8221;yes&#8221; margin=&#8221;uk-margin-remove&#8221; dahz_id=&#8221;&#8221;][vc_column_text]<span style=\"color: #906f2c;\">S\u00f3cia Capano<\/span>[\/vc_column_text][vc_column_text]\u00c9 s\u00f3cia do Capano, Passafaro Advogados Associados;<\/p>\n<p>&#8211; Mestre em Direito Pol\u00edtico e Econ\u00f4mico pela Universidade Mackenzie (2011);<\/p>\n<p>&#8211; Especialista em Direito Processual Civil pela Universidade Mackenzie (2007);<\/p>\n<p>&#8211; Graduada em Direito pela Universidade Braz Cubas (1998);<\/p>\n<p>&#8211; Professora Universit\u00e1ria, lecionando nas \u00e1reas do Direito das Fam\u00edlias, Consumidor e Civil;<\/p>\n<p>&#8211; Autora de livros, artigos e palestrante: link do lattes<\/p>\n<p>&#8211; Ocupou os seguintes cargos e fun\u00e7\u00f5es:<\/p>\n<p>* Assessora do V Tribunal de \u00c9tica e Disciplina da OABSP (tri\u00eanios 2010-2012 e 2013-2015);<\/p>\n<p>* Membro da Comiss\u00e3o de Direito Militar da OABSP (tri\u00eanios 2013-2015 e 2019-2021);<\/p>\n<p><strong>E-mail:<\/strong> <a href=\"mailto:gislene@capano.adv.br\">gislene@capano.adv.br<\/a>[\/vc_column_text]<div role=\"form\" class=\"wpcf7\" id=\"wpcf7-f414-o1\" lang=\"en-US\" dir=\"ltr\">\n<div class=\"screen-reader-response\"><p role=\"status\" aria-live=\"polite\" aria-atomic=\"true\"><\/p> <ul><\/ul><\/div>\n<form action=\"\/capano\/wp-json\/wp\/v2\/pages\/630#wpcf7-f414-o1\" method=\"post\" class=\"wpcf7-form init\" novalidate=\"novalidate\" data-status=\"init\">\n<div style=\"display: none;\">\n<input type=\"hidden\" name=\"_wpcf7\" value=\"414\" \/>\n<input type=\"hidden\" name=\"_wpcf7_version\" value=\"5.6.4\" \/>\n<input type=\"hidden\" name=\"_wpcf7_locale\" value=\"en_US\" \/>\n<input type=\"hidden\" name=\"_wpcf7_unit_tag\" value=\"wpcf7-f414-o1\" \/>\n<input type=\"hidden\" name=\"_wpcf7_container_post\" value=\"0\" \/>\n<input type=\"hidden\" name=\"_wpcf7_posted_data_hash\" value=\"\" \/>\n<\/div>\n<div data-uk-grid>\n<div  class=\"uk-width-1-2@m\"><label> Nome Completo<br \/>\n    <span class=\"wpcf7-form-control-wrap\" data-name=\"your-name\"><input type=\"text\" name=\"your-name\" value=\"\" size=\"40\" class=\"wpcf7-form-control wpcf7-text wpcf7-validates-as-required\" aria-required=\"true\" aria-invalid=\"false\" \/><\/span> <\/label><\/div>\n<div  class=\"uk-width-1-2@m\"><label> Seu Email<br \/>\n    <span class=\"wpcf7-form-control-wrap\" data-name=\"your-email\"><input type=\"email\" name=\"your-email\" value=\"\" size=\"40\" class=\"wpcf7-form-control wpcf7-text wpcf7-email wpcf7-validates-as-required wpcf7-validates-as-email\" aria-required=\"true\" aria-invalid=\"false\" \/><\/span> <\/label><\/div>\n<\/div>\n<p><label> Assunto<br \/>\n    <span class=\"wpcf7-form-control-wrap\" data-name=\"your-subject\"><input type=\"text\" name=\"your-subject\" value=\"\" size=\"40\" class=\"wpcf7-form-control wpcf7-text\" aria-invalid=\"false\" \/><\/span> <\/label><\/p>\n<p><label> Sua Mensagem<br \/>\n    <span class=\"wpcf7-form-control-wrap\" data-name=\"your-message\"><textarea name=\"your-message\" cols=\"40\" rows=\"10\" class=\"wpcf7-form-control wpcf7-textarea\" aria-invalid=\"false\"><\/textarea><\/span> <\/label><\/p>\n<p><input type=\"submit\" value=\"Enviar\" class=\"wpcf7-form-control has-spinner wpcf7-submit de-btn de-btn--boxed de-btn--fill de-btn--full\" \/><\/p>\n<input type='hidden' class='wpcf7-pum' value='{\"closepopup\":false,\"closedelay\":0,\"openpopup\":false,\"openpopup_id\":0}' \/><div class=\"wpcf7-response-output\" aria-hidden=\"true\"><\/div><\/form><\/div>[vc_empty_space][\/vc_column][\/vc_row]<\/p>\n","protected":false},"excerpt":{"rendered":"<p>[vc_row row_stretch=&#8221;uk-container-expand uk-padding-remove-horizontal&#8221; row_bottom_shape_divider=&#8221;&#8221;][vc_column width=&#8221;2\/3&#8243; column_sticky_breakpoint=&#8221;@l&#8221; column_enable_sticky=&#8221;true&#8221;][\/vc_column][vc_column column_padding=&#8221;large&#8221; width=&#8221;1\/3&#8243; css=&#8221;.vc_custom_1523363594706{padding-top: 60px !important;}&#8221;][vc_custom_heading text=&#8221;Gislene Donizete Ger\u00f4nimo&#8221; font_container=&#8221;tag:h1|font_size:46px|text_align:left|line_height:1.25&#8243; use_theme_fonts=&#8221;yes&#8221; margin=&#8221;uk-margin-remove&#8221; dahz_id=&#8221;&#8221;][vc_column_text]S\u00f3cia Capano[\/vc_column_text][vc_column_text]\u00c9 s\u00f3cia do Capano, Passafaro Advogados Associados; &#8211; Mestre em Direito Pol\u00edtico e Econ\u00f4mico pela Universidade Mackenzie (2011); &#8211; Especialista em Direito Processual Civil pela Universidade Mackenzie (2007); &#8211; Graduada em Direito pela Universidade Braz Cubas<\/p>\n","protected":false},"author":1,"featured_media":0,"parent":448,"menu_order":0,"comment_status":"closed","ping_status":"closed","template":"","meta":{"footnotes":""},"class_list":["post-630","page","type-page","status-publish","hentry"],"_links":{"self":[{"href":"https:\/\/www.capanoadvogados.com.br\/capano\/wp-json\/wp\/v2\/pages\/630","targetHints":{"allow":["GET"]}}],"collection":[{"href":"https:\/\/www.capanoadvogados.com.br\/capano\/wp-json\/wp\/v2\/pages"}],"about":[{"href":"https:\/\/www.capanoadvogados.com.br\/capano\/wp-json\/wp\/v2\/types\/page"}],"author":[{"embeddable":true,"href":"https:\/\/www.capanoadvogados.com.br\/capano\/wp-json\/wp\/v2\/users\/1"}],"replies":[{"embeddable":true,"href":"https:\/\/www.capanoadvogados.com.br\/capano\/wp-json\/wp\/v2\/comments?post=630"}],"version-history":[{"count":7,"href":"https:\/\/www.capanoadvogados.com.br\/capano\/wp-json\/wp\/v2\/pages\/630\/revisions"}],"predecessor-version":[{"id":748,"href":"https:\/\/www.capanoadvogados.com.br\/capano\/wp-json\/wp\/v2\/pages\/630\/revisions\/748"}],"up":[{"embeddable":true,"href":"https:\/\/www.capanoadvogados.com.br\/capano\/wp-json\/wp\/v2\/pages\/448"}],"wp:attachment":[{"href":"https:\/\/www.capanoadvogados.com.br\/capano\/wp-json\/wp\/v2\/media?parent=630"}],"curies":[{"name":"wp","href":"https:\/\/api.w.org\/{rel}","templated":true}]}}