{"id":622,"date":"2022-12-15T21:31:27","date_gmt":"2022-12-16T00:31:27","guid":{"rendered":"https:\/\/www.capanoadvogados.com.br\/capano\/?page_id=622"},"modified":"2025-04-25T10:05:28","modified_gmt":"2025-04-25T13:05:28","slug":"fernando-fabiani-capano","status":"publish","type":"page","link":"https:\/\/www.capanoadvogados.com.br\/capano\/attorneys\/fernando-fabiani-capano\/","title":{"rendered":"Fernando Fabiani Capano"},"content":{"rendered":"<p>[vc_row row_stretch=&#8221;uk-container-expand uk-padding-remove-horizontal&#8221; row_bottom_shape_divider=&#8221;&#8221;][vc_column width=&#8221;2\/3&#8243; column_sticky_breakpoint=&#8221;@l&#8221; column_enable_sticky=&#8221;true&#8221;]<div data-dahz-shortcode-key=\"1523274412250-aaa968ab-884e\" style=\"\" class=\"de-shortcode__wrapper de-shortcode__wrapper--dahz_single_image uk-margin-uk-margin\">\r\n\t<a class=\"de-single-image__wrapper uk-flex uk-flex-center\">\r\n\t<div>\r\n\t\t<img loading=\"lazy\" decoding=\"async\" width=\"540\" height=\"600\" src=\"https:\/\/www.capanoadvogados.com.br\/capano\/wp-content\/uploads\/2023\/01\/fernando-capano-advogados-2.jpg\" class=\"   attachment-full\" alt=\"\" title=\"fernando-capano-advogados-2\" srcset=\"https:\/\/www.capanoadvogados.com.br\/capano\/wp-content\/uploads\/2023\/01\/fernando-capano-advogados-2.jpg 540w, https:\/\/www.capanoadvogados.com.br\/capano\/wp-content\/uploads\/2023\/01\/fernando-capano-advogados-2-270x300.jpg 270w\" sizes=\"auto, (max-width: 540px) 100vw, 540px\" \/>\t<\/div>\r\n<\/a>\r\n<\/div>\r\n[\/vc_column][vc_column column_padding=&#8221;large&#8221; width=&#8221;1\/3&#8243; css=&#8221;.vc_custom_1523363594706{padding-top: 60px !important;}&#8221;][vc_custom_heading text=&#8221;Fernando Fabiani Capano&#8221; font_container=&#8221;tag:h1|font_size:46px|text_align:left|line_height:1.25&#8243; use_theme_fonts=&#8221;yes&#8221; margin=&#8221;uk-margin-remove&#8221; dahz_id=&#8221;&#8221;][vc_column_text]<span style=\"color: #906f2c;\">Gestor<\/span>[\/vc_column_text][vc_column_text]\u00c9 gestor da Capano, Passafaro Advogados Associados;<\/p>\n<p>&#8211; Doutor em Direito do Estado pela Universidade de S\u00e3o Paulo (USP) &#8211; (2021);<\/p>\n<p>&#8211; Mestre em Direito Pol\u00edtico e Econ\u00f4mico pela Universidade Mackenzie (2011);<\/p>\n<p>&#8211; Especialista em Administra\u00e7\u00e3o de Empresas pela Escola de Administra\u00e7\u00e3o de Empresas de S\u00e3o Paulo &#8211; FGV (2006);<\/p>\n<p>&#8211; Professor das cadeiras de Direito Constitucional e Direito Penal da Faculdade Comunit\u00e1ria Zumbi dos Palmares (desde 2010);<\/p>\n<p>&#8211; Presidente da Comiss\u00e3o de Direito Militar da subse\u00e7\u00e3o de Santo Andr\u00e9, da OABSP (tri\u00eanio 2021-2024);<\/p>\n<p>&#8211; Autor de livros, artigos e palestrante nas \u00e1reas do Direito P\u00fablico, Direito Penal e Processual\u00edstica: link do lattes: <a href=\"https:\/\/buscatextual.cnpq.br\/buscatextual\/visualizacv.do?id=K4176420Z3&amp;tokenCaptchar=03AAYGu2RkPfagbh1XmXCmwRpJbX7AagL4fWO7pGd9_fU5H5QySOzkdDGDno7XMCcP15IdkjKiI8rJ-0h32F_qctTUq5xGqdy8AYsnz7eT14q5I_oGdmUVxyHJMDeu908stYBqXIfWMNxTM7gxKotkgRdpk2MDMdtDaRQUZIz-Nm0PQ784nmNzBQEPyaDpRcvMxcunDpw0lu7r7Nz3hlB4uMmn83UQhUQDzwdGpGe3FU5WCsNN21HWAgIKBzSfFn4rEUxac1eh5pEKq4asHFRRl9SEk69MvbwFhl3wtuNxmg9tijeteqTyLi8x11o0fnq7dMe5jIH6djPCBYuflEHTrNCEPLboLAnk8xTsKX7eYXPFhnBPOxYzxFQ1ffhj4n6oUJQ-hOfiLF4hcMxaZgl1avIBp2iRLF20w3OHOnwfJShQGhLzBpCTaXZZPMG7YSL3hp6OiYHfrUP3FL1YXQ9g83y99F2GaIa9AUKoPTYLncN6ZcutAAPve4hC_p1S9Q6GR7KsozLEWdlqhc2ml1elpLxnW0ZVPXt-drzshqz_-KIgE_SgtMA93AGBIc14JmXT5fozK3Msp0qbwJJHoarRNHmdqP1ILXAX8I60Yy147hrPFFP5zXKnOx8\">Curr\u00edculo do Sistema de Curr\u00edculos Lattes (Fernando Fabiani Capano) (cnpq.br)<\/a><\/p>\n<p>&#8211; Ocupou os seguintes cargos e fun\u00e7\u00f5es:<\/p>\n<p>* Conselheiro Seccional da OABSP (tri\u00eanio 2019-2021);<\/p>\n<p>* Diretor Geral da Escola Superior da Advocacia &#8211; ESA, na OABSP (2021);<\/p>\n<p>* Presidente da Comiss\u00e3o de Direito Militar da OABSP (tri\u00eanio 2019-2021);<\/p>\n<p>* Relator da 4a C\u00e2mara do Tribunal de \u00c9tica da OABSP (tri\u00eanio 2019-2021);<\/p>\n<p>* Membro-representante do Brasil na ALA \u2013 Association of Legal Administrators, em Chicago \u2013 USA (2004-2009);<\/p>\n<p>* Membro da Comiss\u00e3o de Direito Militar da OABSP \u2013 (tri\u00eanios 2010-2012 e 2013-2015);<\/p>\n<p>* Membro da Comiss\u00e3o Permanente de Direitos Humanos da OABSP \u2013 (tri\u00eanio 2013-2015);<\/p>\n<p>* Assessor da Presid\u00eancia do V Tribunal de \u00c9tica e Disciplina da OAB \/SP \u2013 (tri\u00eanio 2010-2012);<\/p>\n<p>* Assessor da Presid\u00eancia do XXIII Tribunal de \u00c9tica e Disciplina da OAB\/SP \u2013 (tri\u00eanio 2013-2015);<\/p>\n<p>* Membro-relator da Comiss\u00e3o de Inscri\u00e7\u00e3o e Argui\u00e7\u00e3o de Candidatos ao Quinto Constitucional da OABSP \u2013 (tri\u00eanio 2019-2021);<\/p>\n<p><strong>E-mail:<\/strong> <a href=\"mailto:fernandocapano@capano.adv.br\">fernandocapano@capano.adv.br<\/a>[\/vc_column_text]<div role=\"form\" class=\"wpcf7\" id=\"wpcf7-f414-o1\" lang=\"en-US\" dir=\"ltr\">\n<div class=\"screen-reader-response\"><p role=\"status\" aria-live=\"polite\" aria-atomic=\"true\"><\/p> <ul><\/ul><\/div>\n<form action=\"\/capano\/wp-json\/wp\/v2\/pages\/622#wpcf7-f414-o1\" method=\"post\" class=\"wpcf7-form init\" novalidate=\"novalidate\" data-status=\"init\">\n<div style=\"display: none;\">\n<input type=\"hidden\" name=\"_wpcf7\" value=\"414\" \/>\n<input type=\"hidden\" name=\"_wpcf7_version\" value=\"5.6.4\" \/>\n<input type=\"hidden\" name=\"_wpcf7_locale\" value=\"en_US\" \/>\n<input type=\"hidden\" name=\"_wpcf7_unit_tag\" value=\"wpcf7-f414-o1\" \/>\n<input type=\"hidden\" name=\"_wpcf7_container_post\" value=\"0\" \/>\n<input type=\"hidden\" name=\"_wpcf7_posted_data_hash\" value=\"\" \/>\n<\/div>\n<div data-uk-grid>\n<div  class=\"uk-width-1-2@m\"><label> Nome Completo<br \/>\n    <span class=\"wpcf7-form-control-wrap\" data-name=\"your-name\"><input type=\"text\" name=\"your-name\" value=\"\" size=\"40\" class=\"wpcf7-form-control wpcf7-text wpcf7-validates-as-required\" aria-required=\"true\" aria-invalid=\"false\" \/><\/span> <\/label><\/div>\n<div  class=\"uk-width-1-2@m\"><label> Seu Email<br \/>\n    <span class=\"wpcf7-form-control-wrap\" data-name=\"your-email\"><input type=\"email\" name=\"your-email\" value=\"\" size=\"40\" class=\"wpcf7-form-control wpcf7-text wpcf7-email wpcf7-validates-as-required wpcf7-validates-as-email\" aria-required=\"true\" aria-invalid=\"false\" \/><\/span> <\/label><\/div>\n<\/div>\n<p><label> Assunto<br \/>\n    <span class=\"wpcf7-form-control-wrap\" data-name=\"your-subject\"><input type=\"text\" name=\"your-subject\" value=\"\" size=\"40\" class=\"wpcf7-form-control wpcf7-text\" aria-invalid=\"false\" \/><\/span> <\/label><\/p>\n<p><label> Sua Mensagem<br \/>\n    <span class=\"wpcf7-form-control-wrap\" data-name=\"your-message\"><textarea name=\"your-message\" cols=\"40\" rows=\"10\" class=\"wpcf7-form-control wpcf7-textarea\" aria-invalid=\"false\"><\/textarea><\/span> <\/label><\/p>\n<p><input type=\"submit\" value=\"Enviar\" class=\"wpcf7-form-control has-spinner wpcf7-submit de-btn de-btn--boxed de-btn--fill de-btn--full\" \/><\/p>\n<input type='hidden' class='wpcf7-pum' value='{\"closepopup\":false,\"closedelay\":0,\"openpopup\":false,\"openpopup_id\":0}' \/><div class=\"wpcf7-response-output\" aria-hidden=\"true\"><\/div><\/form><\/div>[vc_empty_space][\/vc_column][\/vc_row]<\/p>\n","protected":false},"excerpt":{"rendered":"<p>[vc_row row_stretch=&#8221;uk-container-expand uk-padding-remove-horizontal&#8221; row_bottom_shape_divider=&#8221;&#8221;][vc_column width=&#8221;2\/3&#8243; column_sticky_breakpoint=&#8221;@l&#8221; column_enable_sticky=&#8221;true&#8221;][\/vc_column][vc_column column_padding=&#8221;large&#8221; width=&#8221;1\/3&#8243; css=&#8221;.vc_custom_1523363594706{padding-top: 60px !important;}&#8221;][vc_custom_heading text=&#8221;Fernando Fabiani Capano&#8221; font_container=&#8221;tag:h1|font_size:46px|text_align:left|line_height:1.25&#8243; use_theme_fonts=&#8221;yes&#8221; margin=&#8221;uk-margin-remove&#8221; dahz_id=&#8221;&#8221;][vc_column_text]Gestor[\/vc_column_text][vc_column_text]\u00c9 gestor da Capano, Passafaro Advogados Associados; &#8211; Doutor em Direito do Estado pela Universidade de S\u00e3o Paulo (USP) &#8211; (2021); &#8211; Mestre em Direito Pol\u00edtico e Econ\u00f4mico pela Universidade Mackenzie (2011); &#8211; Especialista em Administra\u00e7\u00e3o de<\/p>\n","protected":false},"author":1,"featured_media":0,"parent":448,"menu_order":0,"comment_status":"closed","ping_status":"closed","template":"","meta":{"footnotes":""},"class_list":["post-622","page","type-page","status-publish","hentry"],"_links":{"self":[{"href":"https:\/\/www.capanoadvogados.com.br\/capano\/wp-json\/wp\/v2\/pages\/622","targetHints":{"allow":["GET"]}}],"collection":[{"href":"https:\/\/www.capanoadvogados.com.br\/capano\/wp-json\/wp\/v2\/pages"}],"about":[{"href":"https:\/\/www.capanoadvogados.com.br\/capano\/wp-json\/wp\/v2\/types\/page"}],"author":[{"embeddable":true,"href":"https:\/\/www.capanoadvogados.com.br\/capano\/wp-json\/wp\/v2\/users\/1"}],"replies":[{"embeddable":true,"href":"https:\/\/www.capanoadvogados.com.br\/capano\/wp-json\/wp\/v2\/comments?post=622"}],"version-history":[{"count":7,"href":"https:\/\/www.capanoadvogados.com.br\/capano\/wp-json\/wp\/v2\/pages\/622\/revisions"}],"predecessor-version":[{"id":841,"href":"https:\/\/www.capanoadvogados.com.br\/capano\/wp-json\/wp\/v2\/pages\/622\/revisions\/841"}],"up":[{"embeddable":true,"href":"https:\/\/www.capanoadvogados.com.br\/capano\/wp-json\/wp\/v2\/pages\/448"}],"wp:attachment":[{"href":"https:\/\/www.capanoadvogados.com.br\/capano\/wp-json\/wp\/v2\/media?parent=622"}],"curies":[{"name":"wp","href":"https:\/\/api.w.org\/{rel}","templated":true}]}}