{"id":603,"date":"2022-12-15T20:48:46","date_gmt":"2022-12-15T23:48:46","guid":{"rendered":"https:\/\/www.capanoadvogados.com.br\/capano\/?page_id=603"},"modified":"2023-07-25T11:42:43","modified_gmt":"2023-07-25T14:42:43","slug":"contato","status":"publish","type":"page","link":"https:\/\/www.capanoadvogados.com.br\/capano\/contato\/","title":{"rendered":"Contato"},"content":{"rendered":"<p>[vc_row row_margin=&#8221;uk-margin-large&#8221; row_stretch=&#8221;uk-container-expand uk-padding-remove-horizontal&#8221; row_column_content_position=&#8221;uk-flex-middle&#8221; row_custom_media_type=&#8221;none&#8221; row_bottom_shape_divider=&#8221;gradient&#8221; row_bottom_shape_divider_enable_bring_to_front=&#8221;true&#8221; dahz_id=&#8221;&#8221; row_bottom_shape_divider_color=&#8221;#ffffff&#8221; row_bottom_shape_divider_height=&#8221;200&#8243;][vc_column]<div data-dahz-shortcode-key=\"1523961546179-ba83fae5-adc5\" style=\"\" class=\"de-shortcode__wrapper de-shortcode__wrapper--google_maps uk-margin-uk-margin\">\r\n\t<div id=\"1523961546179-ba83fae5-adc5\" class=\"\" style=\"width: 100%; height: 400;\"><\/div>\r\n<script>\r\n\t!function($) {\r\n\t\tvar url = 'https:\/\/maps.googleapis.com\/maps\/api\/js?key=';\r\n\t\t$.getScript( url, function( data, textStatus, jqxhr ) {\r\n\t\t\tvar options = ,\r\n\t\t\t\t$container = document.getElementById( options.dahz_id );\r\n\t\t\toptions.lat = !isNaN( parseFloat( options.lat ) ) ? parseFloat( options.lat ) : 0;\r\n\t\t\toptions.long = !isNaN( parseFloat( options.lat ) ) ? parseFloat( options.long ) : 0;\r\n\t\t\toptions.styles = $.parseJSON( options.styles );\r\n\t\t\tvar map = new google.maps.Map(\r\n\t\t\t\t$container, {\r\n\t\t\t\t\tzoom              : parseInt( options.zoom ),\r\n\t\t\t\t\tcenter            : new google.maps.LatLng( options.lat, options.long ),\r\n\t\t\t\t\tmapTypeId         : google.maps.MapTypeId[options.type],\r\n\t\t\t\t\tstyles            : options.styles,\r\n\t\t\t\t\tstreetViewControl : options.streetviewcontrol,\r\n\t\t\t\t\tmapTypeControl    : options.maptypecontrol == 'true' ? true : false,\r\n\t\t\t\t\tpanControl        : options.pancontrol == 'true' ? true : false,\r\n\t\t\t\t\tzoomControl       : options.zoomcontrol == 'true' ? true : false,\r\n\t\t\t\t\tscrollwheel       : options.scrollwheel == 'true' ? false : true,\r\n\t\t\t\t\tdraggable         : options.disabledragmobile == 'true' && $(document).width() <= 641 ? false : true,\r\n\t\t\t\t\tzoomControlOptions\t: {\r\n\t\t\t\t\t\tstyle: google.maps.ZoomControlStyle[options.zoomcontrolsize]\r\n\t\t\t\t\t},\r\n\t\t\t\t}\r\n\t\t\t),\r\n\t\t\tmarker = new google.maps.Marker({\r\n\t\t\t\tposition: {\r\n\t\t\t\t\tlat: options.lat,\r\n\t\t\t\t\tlng: options.long\r\n\t\t\t\t},\r\n\t\t\t\ticon\t: options.labels\r\n\t\t\t});\r\n\t\t\tmarker.setMap( map );\r\n\t\t\tvar infowindow = new google.maps.InfoWindow({\r\n\t\t\t\tcontent: options.infowindow\r\n\t\t\t});\r\n\r\n\t\t\tmarker.addListener( 'click', function() {\r\n\t\t\t\tinfowindow.open( map, marker );\r\n\t\t\t});\r\n\t\t\t\r\n\t\t});\r\n\t}(window.jQuery);\r\n<\/script><\/div>\r\n[vc_raw_html]JTNDY2VudGVyJTNFJTNDaWZyYW1lJTIwc3JjJTNEJTIyaHR0cHMlM0ElMkYlMkZ3d3cuZ29vZ2xlLmNvbSUyRm1hcHMlMkZlbWJlZCUzRnBiJTNEJTIxMW0xOCUyMTFtMTIlMjExbTMlMjExZDM2NTcuMDc3MzA4OTEyNTQxJTIxMmQtNDYuNjU1MjE2NTIzOTkzMjQlMjEzZC0yMy41NjU2NjY3NjE3NTE2NSUyMTJtMyUyMTFmMCUyMTJmMCUyMTNmMCUyMTNtMiUyMTFpMTAyNCUyMTJpNzY4JTIxNGYxMy4xJTIxM20zJTIxMW0yJTIxMXMweDk0Y2U1OWM3YmQxZTAwMTUlMjUzQTB4MWI2NTc4YWJkNWVkNDdkJTIxMnNBbGFtZWRhJTI1MjBDYW1waW5hcyUyNTJDJTI1MjA0MzMlMjUyMC0lMjUyMEphcmRpbSUyNTIwUGF1bGlzdGElMjUyQyUyNTIwUyUyNUMzJTI1QTNvJTI1MjBQYXVsbyUyNTIwLSUyNTIwU1AlMjUyQyUyNTIwMDE0MDQtMTAwJTIxNWUwJTIxM20yJTIxMXNwdC1CUiUyMTJzYnIlMjE0djE2OTAyOTU4NzQxODAlMjE1bTIlMjExc3B0LUJSJTIxMnNiciUyMiUyMHdpZHRoJTNEJTIyMTgwMCUyMiUyMGhlaWdodCUzRCUyMjYwMCUyMiUyMHN0eWxlJTNEJTIyYm9yZGVyJTNBMCUzQiUyMiUyMGFsbG93ZnVsbHNjcmVlbiUzRCUyMiUyMiUyMGxvYWRpbmclM0QlMjJsYXp5JTIyJTIwcmVmZXJyZXJwb2xpY3klM0QlMjJuby1yZWZlcnJlci13aGVuLWRvd25ncmFkZSUyMiUzRSUzQyUyRmlmcmFtZSUzRSUzQyUyRmNlbnRlciUzRQ==[\/vc_raw_html][\/vc_column][\/vc_row][vc_section section_custom_media_type=&#8221;image&#8221; section_background_image_repeat=&#8221;uk-background-norepeat&#8221; section_background_image_position=&#8221;uk-background-top-center&#8221; section_background_image_effect=&#8221;parallax&#8221; section_bottom_shape_divider=&#8221;gradient&#8221; dahz_id=&#8221;1524290002917-8967f231-67bf&#8221; section_background_image=&#8221;136&#8243; section_background_image_parallax=&#8221;%7B%22parallax-options-x-start-range%22%3A%220%22%2C%22parallax-options-x-end-range%22%3A%220%22%2C%22parallax-options-y-start-range%22%3A%22-170%22%2C%22parallax-options-y-end-range%22%3A%22220%22%2C%22parallax-options-show-advance-settings%22%3A%22false%22%2C%22parallax-options-scale-start-range%22%3A%221%22%2C%22parallax-options-scale-end-range%22%3A%221%22%2C%22parallax-options-rotate-start-range%22%3A%220%22%2C%22parallax-options-rotate-end-range%22%3A%220%22%2C%22parallax-options-opacity-start-range%22%3A%221%22%2C%22parallax-options-opacity-end-range%22%3A%221%22%2C%22parallax-options-easing-range%22%3A%220%22%2C%22parallax-options-viewport-range%22%3A%220%22%2C%22parallax-options-enable-repeat%22%3A%22false%22%2C%22parallax-options-enable-z-index%22%3A%22false%22%2C%22parallax-options-breakpoint%22%3A%22%22%7D&#8221; section_bottom_shape_divider_color=&#8221;#ffffff&#8221; section_bottom_shape_divider_height=&#8221;200&#8243;][vc_row row_bottom_shape_divider=&#8221;&#8221; dahz_id=&#8221;1524290041786-4cfa0e31-36fd&#8221;][vc_column column_padding=&#8221;small&#8221; width=&#8221;1\/2&#8243;][vc_text_separator title=&#8221;Contato&#8221; title_align=&#8221;separator_align_left&#8221; tag=&#8221;h6&#8243; align=&#8221;align_left&#8221; style=&#8221;solid&#8221; el_width=&#8221;80&#8243; text_color=&#8221;#726240&#8243; accent_color=&#8221;#726240&#8243;][vc_column_text]O escrit\u00f3rio, no rol de seus principais clientes, presta atendimento para associa\u00e7\u00f5es de classe e sindicatos de servidores p\u00fablicos e agentes de Estado, atrav\u00e9s do gerenciamento de seus departamentos jur\u00eddicos, al\u00e9m de assessorar executivos de grandes empresas, contribuindo com a execu\u00e7\u00e3o de seus objetivos estatut\u00e1rios e planos de neg\u00f3cios.[\/vc_column_text][\/vc_column][vc_column column_padding=&#8221;small&#8221; width=&#8221;1\/4&#8243;][vc_text_separator title=&#8221;Localiza\u00e7\u00e3o&#8221; title_align=&#8221;separator_align_left&#8221; tag=&#8221;h6&#8243; align=&#8221;align_left&#8221; style=&#8221;solid&#8221; el_width=&#8221;80&#8243; text_color=&#8221;#726240&#8243; accent_color=&#8221;#726240&#8243;][vc_column_text]<\/p>\n<h5>S\u00e3o Paulo<\/h5>\n<p>Alameda Campinas, 433 &#8211; 10\u00ba andar | Jardim Paulista &#8211; S\u00e3o Paulo, SP | CEP 01404-000[\/vc_column_text][\/vc_column][\/vc_row][vc_row dahz_id=&#8221;1524290037792-a212f84b-e6af&#8221;][vc_column column_padding=&#8221;small&#8221;][\/vc_column][\/vc_row][vc_row dahz_id=&#8221;1524290012313-c6cc3519-ad70&#8243;][vc_column column_padding=&#8221;small&#8221; width=&#8221;1\/2&#8243;][vc_custom_heading text=&#8221;Telefone:&#8221; use_theme_fonts=&#8221;yes&#8221; margin=&#8221;uk-margin-remove&#8221; dahz_id=&#8221;&#8221;][vc_column_text margin=&#8221;uk-margin-remove&#8221;](11) 3799-5050[\/vc_column_text][vc_custom_heading text=&#8221;Email:&#8221; use_theme_fonts=&#8221;yes&#8221; margin=&#8221;uk-margin-remove&#8221; dahz_id=&#8221;1671148462534-0eecc913-4826&#8243;][vc_column_text margin=&#8221;uk-margin-remove&#8221;]<a href=\"mailto:adm@capano.adv.br\">adm@capano.adv.br<\/a>[\/vc_column_text][\/vc_column][vc_column column_padding=&#8221;small&#8221; width=&#8221;1\/2&#8243;]<div role=\"form\" class=\"wpcf7\" id=\"wpcf7-f414-o1\" lang=\"en-US\" dir=\"ltr\">\n<div class=\"screen-reader-response\"><p role=\"status\" aria-live=\"polite\" aria-atomic=\"true\"><\/p> <ul><\/ul><\/div>\n<form action=\"\/capano\/wp-json\/wp\/v2\/pages\/603#wpcf7-f414-o1\" method=\"post\" class=\"wpcf7-form init\" novalidate=\"novalidate\" data-status=\"init\">\n<div style=\"display: none;\">\n<input type=\"hidden\" name=\"_wpcf7\" value=\"414\" \/>\n<input type=\"hidden\" name=\"_wpcf7_version\" value=\"5.6.4\" \/>\n<input type=\"hidden\" name=\"_wpcf7_locale\" value=\"en_US\" \/>\n<input type=\"hidden\" name=\"_wpcf7_unit_tag\" value=\"wpcf7-f414-o1\" \/>\n<input type=\"hidden\" name=\"_wpcf7_container_post\" value=\"0\" \/>\n<input type=\"hidden\" name=\"_wpcf7_posted_data_hash\" value=\"\" \/>\n<\/div>\n<div data-uk-grid>\n<div  class=\"uk-width-1-2@m\"><label> Nome Completo<br \/>\n    <span class=\"wpcf7-form-control-wrap\" data-name=\"your-name\"><input type=\"text\" name=\"your-name\" value=\"\" size=\"40\" class=\"wpcf7-form-control wpcf7-text wpcf7-validates-as-required\" aria-required=\"true\" aria-invalid=\"false\" \/><\/span> <\/label><\/div>\n<div  class=\"uk-width-1-2@m\"><label> Seu Email<br \/>\n    <span class=\"wpcf7-form-control-wrap\" data-name=\"your-email\"><input type=\"email\" name=\"your-email\" value=\"\" size=\"40\" class=\"wpcf7-form-control wpcf7-text wpcf7-email wpcf7-validates-as-required wpcf7-validates-as-email\" aria-required=\"true\" aria-invalid=\"false\" \/><\/span> <\/label><\/div>\n<\/div>\n<p><label> Assunto<br \/>\n    <span class=\"wpcf7-form-control-wrap\" data-name=\"your-subject\"><input type=\"text\" name=\"your-subject\" value=\"\" size=\"40\" class=\"wpcf7-form-control wpcf7-text\" aria-invalid=\"false\" \/><\/span> <\/label><\/p>\n<p><label> Sua Mensagem<br \/>\n    <span class=\"wpcf7-form-control-wrap\" data-name=\"your-message\"><textarea name=\"your-message\" cols=\"40\" rows=\"10\" class=\"wpcf7-form-control wpcf7-textarea\" aria-invalid=\"false\"><\/textarea><\/span> <\/label><\/p>\n<p><input type=\"submit\" value=\"Enviar\" class=\"wpcf7-form-control has-spinner wpcf7-submit de-btn de-btn--boxed de-btn--fill de-btn--full\" \/><\/p>\n<input type='hidden' class='wpcf7-pum' value='{\"closepopup\":false,\"closedelay\":0,\"openpopup\":false,\"openpopup_id\":0}' \/><div class=\"wpcf7-response-output\" aria-hidden=\"true\"><\/div><\/form><\/div>[\/vc_column][\/vc_row][\/vc_section]<\/p>\n","protected":false},"excerpt":{"rendered":"<p>[vc_row row_margin=&#8221;uk-margin-large&#8221; row_stretch=&#8221;uk-container-expand uk-padding-remove-horizontal&#8221; row_column_content_position=&#8221;uk-flex-middle&#8221; row_custom_media_type=&#8221;none&#8221; row_bottom_shape_divider=&#8221;gradient&#8221; row_bottom_shape_divider_enable_bring_to_front=&#8221;true&#8221; dahz_id=&#8221;&#8221; row_bottom_shape_divider_color=&#8221;#ffffff&#8221; row_bottom_shape_divider_height=&#8221;200&#8243;][vc_column][vc_raw_html]JTNDY2VudGVyJTNFJTNDaWZyYW1lJTIwc3JjJTNEJTIyaHR0cHMlM0ElMkYlMkZ3d3cuZ29vZ2xlLmNvbSUyRm1hcHMlMkZlbWJlZCUzRnBiJTNEJTIxMW0xOCUyMTFtMTIlMjExbTMlMjExZDM2NTcuMDc3MzA4OTEyNTQxJTIxMmQtNDYuNjU1MjE2NTIzOTkzMjQlMjEzZC0yMy41NjU2NjY3NjE3NTE2NSUyMTJtMyUyMTFmMCUyMTJmMCUyMTNmMCUyMTNtMiUyMTFpMTAyNCUyMTJpNzY4JTIxNGYxMy4xJTIxM20zJTIxMW0yJTIxMXMweDk0Y2U1OWM3YmQxZTAwMTUlMjUzQTB4MWI2NTc4YWJkNWVkNDdkJTIxMnNBbGFtZWRhJTI1MjBDYW1waW5hcyUyNTJDJTI1MjA0MzMlMjUyMC0lMjUyMEphcmRpbSUyNTIwUGF1bGlzdGElMjUyQyUyNTIwUyUyNUMzJTI1QTNvJTI1MjBQYXVsbyUyNTIwLSUyNTIwU1AlMjUyQyUyNTIwMDE0MDQtMTAwJTIxNWUwJTIxM20yJTIxMXNwdC1CUiUyMTJzYnIlMjE0djE2OTAyOTU4NzQxODAlMjE1bTIlMjExc3B0LUJSJTIxMnNiciUyMiUyMHdpZHRoJTNEJTIyMTgwMCUyMiUyMGhlaWdodCUzRCUyMjYwMCUyMiUyMHN0eWxlJTNEJTIyYm9yZGVyJTNBMCUzQiUyMiUyMGFsbG93ZnVsbHNjcmVlbiUzRCUyMiUyMiUyMGxvYWRpbmclM0QlMjJsYXp5JTIyJTIwcmVmZXJyZXJwb2xpY3klM0QlMjJuby1yZWZlcnJlci13aGVuLWRvd25ncmFkZSUyMiUzRSUzQyUyRmlmcmFtZSUzRSUzQyUyRmNlbnRlciUzRQ==[\/vc_raw_html][\/vc_column][\/vc_row][vc_section section_custom_media_type=&#8221;image&#8221; section_background_image_repeat=&#8221;uk-background-norepeat&#8221; section_background_image_position=&#8221;uk-background-top-center&#8221; section_background_image_effect=&#8221;parallax&#8221; section_bottom_shape_divider=&#8221;gradient&#8221; dahz_id=&#8221;1524290002917-8967f231-67bf&#8221; section_background_image=&#8221;136&#8243; section_background_image_parallax=&#8221;%7B%22parallax-options-x-start-range%22%3A%220%22%2C%22parallax-options-x-end-range%22%3A%220%22%2C%22parallax-options-y-start-range%22%3A%22-170%22%2C%22parallax-options-y-end-range%22%3A%22220%22%2C%22parallax-options-show-advance-settings%22%3A%22false%22%2C%22parallax-options-scale-start-range%22%3A%221%22%2C%22parallax-options-scale-end-range%22%3A%221%22%2C%22parallax-options-rotate-start-range%22%3A%220%22%2C%22parallax-options-rotate-end-range%22%3A%220%22%2C%22parallax-options-opacity-start-range%22%3A%221%22%2C%22parallax-options-opacity-end-range%22%3A%221%22%2C%22parallax-options-easing-range%22%3A%220%22%2C%22parallax-options-viewport-range%22%3A%220%22%2C%22parallax-options-enable-repeat%22%3A%22false%22%2C%22parallax-options-enable-z-index%22%3A%22false%22%2C%22parallax-options-breakpoint%22%3A%22%22%7D&#8221; section_bottom_shape_divider_color=&#8221;#ffffff&#8221; section_bottom_shape_divider_height=&#8221;200&#8243;][vc_row row_bottom_shape_divider=&#8221;&#8221; dahz_id=&#8221;1524290041786-4cfa0e31-36fd&#8221;][vc_column column_padding=&#8221;small&#8221; width=&#8221;1\/2&#8243;][vc_text_separator title=&#8221;Contato&#8221; title_align=&#8221;separator_align_left&#8221; tag=&#8221;h6&#8243; align=&#8221;align_left&#8221; style=&#8221;solid&#8221; el_width=&#8221;80&#8243; text_color=&#8221;#726240&#8243; accent_color=&#8221;#726240&#8243;][vc_column_text]O escrit\u00f3rio, no rol de seus principais clientes, presta atendimento para associa\u00e7\u00f5es de classe e sindicatos de servidores p\u00fablicos e agentes de Estado,<\/p>\n","protected":false},"author":1,"featured_media":0,"parent":0,"menu_order":0,"comment_status":"closed","ping_status":"closed","template":"","meta":{"footnotes":""},"class_list":["post-603","page","type-page","status-publish","hentry"],"_links":{"self":[{"href":"https:\/\/www.capanoadvogados.com.br\/capano\/wp-json\/wp\/v2\/pages\/603","targetHints":{"allow":["GET"]}}],"collection":[{"href":"https:\/\/www.capanoadvogados.com.br\/capano\/wp-json\/wp\/v2\/pages"}],"about":[{"href":"https:\/\/www.capanoadvogados.com.br\/capano\/wp-json\/wp\/v2\/types\/page"}],"author":[{"embeddable":true,"href":"https:\/\/www.capanoadvogados.com.br\/capano\/wp-json\/wp\/v2\/users\/1"}],"replies":[{"embeddable":true,"href":"https:\/\/www.capanoadvogados.com.br\/capano\/wp-json\/wp\/v2\/comments?post=603"}],"version-history":[{"count":16,"href":"https:\/\/www.capanoadvogados.com.br\/capano\/wp-json\/wp\/v2\/pages\/603\/revisions"}],"predecessor-version":[{"id":802,"href":"https:\/\/www.capanoadvogados.com.br\/capano\/wp-json\/wp\/v2\/pages\/603\/revisions\/802"}],"wp:attachment":[{"href":"https:\/\/www.capanoadvogados.com.br\/capano\/wp-json\/wp\/v2\/media?parent=603"}],"curies":[{"name":"wp","href":"https:\/\/api.w.org\/{rel}","templated":true}]}}