{"id":441,"date":"2018-04-17T07:59:12","date_gmt":"2018-04-17T07:59:12","guid":{"rendered":"https:\/\/dahzthemes.com\/diacara\/?page_id=1918"},"modified":"2025-05-12T09:59:55","modified_gmt":"2025-05-12T12:59:55","slug":"news","status":"publish","type":"page","link":"https:\/\/www.capanoadvogados.com.br\/capano\/news\/","title":{"rendered":"News"},"content":{"rendered":"<p>[vc_row dahz_id=&#8221;1672094885657-0e5f59ac-de57&#8243;][vc_column]<div data-dahz-shortcode-key=\"1672094942485-16f8d766-8773\" style=\"\" class=\"de-shortcode__wrapper de-shortcode__wrapper--post_tabs uk-margin-uk-margin\">\r\n\t\r\n<div class=\"de-sc-post-tabs\" data-tabs-style=\"layout-1\" data-hover-effect=\"zoom\">\r\n\r\n    <div class=\"uk-visible-toggle\">\r\n        <ul class=\"uk-tabs-items ds-sc-post-tabs__container uk-grid uk-child-width-1-1 uk-child-width-1-1@s uk-child-width-1-1@m uk-child-width-1-1@l\" data-uk-grid=\"\" uk-height-match=\"target: &gt; .de-sc-post-tabs__item &gt; .de-sc-post-tabs__item-container\">\r\n            \t<li class=\"de-sc-post-tabs__item capano \">\r\n\t\t<div class=\"uk-text-left entry-wrapper\" style=\"\">\r\n\t\t\t\t<a href=\"https:\/\/www.capanoadvogados.com.br\/capano\/2025\/05\/07\/com-milhares-de-prisoes-reconhecimento-facial-avanca-pelo-brasil\/\" class=\"de-ratio de-ratio-1-1\">\r\n\t\t\t\t\t\t\t\t\t\t<img loading=\"lazy\" decoding=\"async\" width=\"1366\" height=\"768\" src=\"https:\/\/www.capanoadvogados.com.br\/capano\/wp-content\/uploads\/2025\/04\/capano-fernando-gcm-sao-paulo.jpg\" class=\"de-ratio-content\" alt=\"\" srcset=\"https:\/\/www.capanoadvogados.com.br\/capano\/wp-content\/uploads\/2025\/04\/capano-fernando-gcm-sao-paulo.jpg 1366w, https:\/\/www.capanoadvogados.com.br\/capano\/wp-content\/uploads\/2025\/04\/capano-fernando-gcm-sao-paulo-300x169.jpg 300w, https:\/\/www.capanoadvogados.com.br\/capano\/wp-content\/uploads\/2025\/04\/capano-fernando-gcm-sao-paulo-1024x576.jpg 1024w, https:\/\/www.capanoadvogados.com.br\/capano\/wp-content\/uploads\/2025\/04\/capano-fernando-gcm-sao-paulo-768x432.jpg 768w\" sizes=\"auto, (max-width: 1366px) 100vw, 1366px\" \/>\t\t\t\t\t\t\t\t<\/a>\r\n\t\t\t<div class=\"de-sc-post-tabs__content uk-padding uk-overlay de-sc-post-tabs__align--left\">\r\n\t\t\t\t<div class=\"entry-categories\">\n\t\n<a href=\"https:\/\/www.capanoadvogados.com.br\/capano\/category\/capano\/\">\n\tcapano<\/a>\n<\/div>\t\t\t\t<h1 >\r\n\t\t\t\t<a href=\"https:\/\/www.capanoadvogados.com.br\/capano\/2025\/05\/07\/com-milhares-de-prisoes-reconhecimento-facial-avanca-pelo-brasil\/\" >Com milhares de pris\u00f5es, reconhecimento facial avan\u00e7a pelo Brasil<\/a>\r\n\t\t\t\t<\/h1>\r\n\t\t\t\t\n<div class=\"entry-meta\">\n\t\n\t\t<a href=\"https:\/\/www.capanoadvogados.com.br\/capano\/2025\/05\/07\/\">\n\t\t\t<span>\n\t\t\t\t<time>7 de maio de 2025<\/time>\n\t\t\t<\/span>\n\t\t<\/a>\n\t\t<\/div>\t\t\t\t\t<p>Na madrugada da ter\u00e7a-feira do \u00faltimo carnaval (4 de mar\u00e7o), um homem participava do bloco \u201cAs Kuviteiras\u201d no circuito ...<\/p>\r\n\t\t\t\t\t\t\t<\/div>\r\n\t\t<\/div>\r\n\t<\/li>\r\n\t\t<li class=\"de-sc-post-tabs__item capano \">\r\n\t\t<div class=\"uk-text-left entry-wrapper\" style=\"\">\r\n\t\t\t\t<a href=\"https:\/\/www.capanoadvogados.com.br\/capano\/2025\/05\/07\/eduardo-bolsonaro-ficara-nos-eua-para-se-defender-dos-abusos-de-moraes\/\" class=\"de-ratio de-ratio-1-1\">\r\n\t\t\t\t\t\t\t\t\t\t<img loading=\"lazy\" decoding=\"async\" width=\"1366\" height=\"768\" src=\"https:\/\/www.capanoadvogados.com.br\/capano\/wp-content\/uploads\/2025\/05\/capano-fernando-jornal-da-oeste.jpg\" class=\"de-ratio-content\" alt=\"\" srcset=\"https:\/\/www.capanoadvogados.com.br\/capano\/wp-content\/uploads\/2025\/05\/capano-fernando-jornal-da-oeste.jpg 1366w, https:\/\/www.capanoadvogados.com.br\/capano\/wp-content\/uploads\/2025\/05\/capano-fernando-jornal-da-oeste-300x169.jpg 300w, https:\/\/www.capanoadvogados.com.br\/capano\/wp-content\/uploads\/2025\/05\/capano-fernando-jornal-da-oeste-1024x576.jpg 1024w, https:\/\/www.capanoadvogados.com.br\/capano\/wp-content\/uploads\/2025\/05\/capano-fernando-jornal-da-oeste-768x432.jpg 768w\" sizes=\"auto, (max-width: 1366px) 100vw, 1366px\" \/>\t\t\t\t\t\t\t\t<\/a>\r\n\t\t\t<div class=\"de-sc-post-tabs__content uk-padding uk-overlay de-sc-post-tabs__align--left\">\r\n\t\t\t\t<div class=\"entry-categories\">\n\t\n<a href=\"https:\/\/www.capanoadvogados.com.br\/capano\/category\/capano\/\">\n\tcapano<\/a>\n<\/div>\t\t\t\t<h1 >\r\n\t\t\t\t<a href=\"https:\/\/www.capanoadvogados.com.br\/capano\/2025\/05\/07\/eduardo-bolsonaro-ficara-nos-eua-para-se-defender-dos-abusos-de-moraes\/\" >Eduardo Bolsonaro ficar\u00e1 nos EUA para se defender dos abusos de Moraes<\/a>\r\n\t\t\t\t<\/h1>\r\n\t\t\t\t\n<div class=\"entry-meta\">\n\t\n\t\t<a href=\"https:\/\/www.capanoadvogados.com.br\/capano\/2025\/05\/07\/\">\n\t\t\t<span>\n\t\t\t\t<time>7 de maio de 2025<\/time>\n\t\t\t<\/span>\n\t\t<\/a>\n\t\t<\/div>\t\t\t\t\t<p>JP News \u2013 Pinheiros \u00e9 o bairro com mais roubos de celular em SP. Entrevista do gestor da Capano, Passafaro Advogados Associados, ...<\/p>\r\n\t\t\t\t\t\t\t<\/div>\r\n\t\t<\/div>\r\n\t<\/li>\r\n\t\t<li class=\"de-sc-post-tabs__item capano \">\r\n\t\t<div class=\"uk-text-left entry-wrapper\" style=\"\">\r\n\t\t\t\t<a href=\"https:\/\/www.capanoadvogados.com.br\/capano\/2025\/05\/07\/adpf-das-favelas-e-o-equivoco-do-stf-ao-burocratizar-a-seguranca-publica\/\" class=\"de-ratio de-ratio-1-1\">\r\n\t\t\t\t\t\t\t\t\t\t<img loading=\"lazy\" decoding=\"async\" width=\"1366\" height=\"768\" src=\"https:\/\/www.capanoadvogados.com.br\/capano\/wp-content\/uploads\/2025\/05\/capano-fernando-gazeta.jpg\" class=\"de-ratio-content\" alt=\"\" srcset=\"https:\/\/www.capanoadvogados.com.br\/capano\/wp-content\/uploads\/2025\/05\/capano-fernando-gazeta.jpg 1366w, https:\/\/www.capanoadvogados.com.br\/capano\/wp-content\/uploads\/2025\/05\/capano-fernando-gazeta-300x169.jpg 300w, https:\/\/www.capanoadvogados.com.br\/capano\/wp-content\/uploads\/2025\/05\/capano-fernando-gazeta-1024x576.jpg 1024w, https:\/\/www.capanoadvogados.com.br\/capano\/wp-content\/uploads\/2025\/05\/capano-fernando-gazeta-768x432.jpg 768w\" sizes=\"auto, (max-width: 1366px) 100vw, 1366px\" \/>\t\t\t\t\t\t\t\t<\/a>\r\n\t\t\t<div class=\"de-sc-post-tabs__content uk-padding uk-overlay de-sc-post-tabs__align--left\">\r\n\t\t\t\t<div class=\"entry-categories\">\n\t\n<a href=\"https:\/\/www.capanoadvogados.com.br\/capano\/category\/capano\/\">\n\tcapano<\/a>\n<\/div>\t\t\t\t<h1 >\r\n\t\t\t\t<a href=\"https:\/\/www.capanoadvogados.com.br\/capano\/2025\/05\/07\/adpf-das-favelas-e-o-equivoco-do-stf-ao-burocratizar-a-seguranca-publica\/\" >ADPF das Favelas e o equ\u00edvoco do STF ao burocratizar a seguran\u00e7a p\u00fablica<\/a>\r\n\t\t\t\t<\/h1>\r\n\t\t\t\t\n<div class=\"entry-meta\">\n\t\n\t\t<a href=\"https:\/\/www.capanoadvogados.com.br\/capano\/2025\/05\/07\/\">\n\t\t\t<span>\n\t\t\t\t<time>7 de maio de 2025<\/time>\n\t\t\t<\/span>\n\t\t<\/a>\n\t\t<\/div>\t\t\t\t\t<p>Mais uma etapa da ADPF (Argui\u00e7\u00e3o de Descumprimento de Preceito Fundamental) das Favelas ocorreu no \u00e2mbito do&nbsp; Supremo ...<\/p>\r\n\t\t\t\t\t\t\t<\/div>\r\n\t\t<\/div>\r\n\t<\/li>\r\n\t\t<li class=\"de-sc-post-tabs__item capano \">\r\n\t\t<div class=\"uk-text-left entry-wrapper\" style=\"\">\r\n\t\t\t\t<a href=\"https:\/\/www.capanoadvogados.com.br\/capano\/2025\/05\/07\/definicao-de-policiamento-comunitario-pode-esclarecer-atuacao-de-guardas-civis\/\" class=\"de-ratio de-ratio-1-1\">\r\n\t\t\t\t\t\t\t\t\t\t<img loading=\"lazy\" decoding=\"async\" width=\"1366\" height=\"768\" src=\"https:\/\/www.capanoadvogados.com.br\/capano\/wp-content\/uploads\/2025\/04\/capano-fernando-gcm-barueri.jpg\" class=\"de-ratio-content\" alt=\"\" srcset=\"https:\/\/www.capanoadvogados.com.br\/capano\/wp-content\/uploads\/2025\/04\/capano-fernando-gcm-barueri.jpg 1366w, https:\/\/www.capanoadvogados.com.br\/capano\/wp-content\/uploads\/2025\/04\/capano-fernando-gcm-barueri-300x169.jpg 300w, https:\/\/www.capanoadvogados.com.br\/capano\/wp-content\/uploads\/2025\/04\/capano-fernando-gcm-barueri-1024x576.jpg 1024w, https:\/\/www.capanoadvogados.com.br\/capano\/wp-content\/uploads\/2025\/04\/capano-fernando-gcm-barueri-768x432.jpg 768w\" sizes=\"auto, (max-width: 1366px) 100vw, 1366px\" \/>\t\t\t\t\t\t\t\t<\/a>\r\n\t\t\t<div class=\"de-sc-post-tabs__content uk-padding uk-overlay de-sc-post-tabs__align--left\">\r\n\t\t\t\t<div class=\"entry-categories\">\n\t\n<a href=\"https:\/\/www.capanoadvogados.com.br\/capano\/category\/capano\/\">\n\tcapano<\/a>\n<\/div>\t\t\t\t<h1 >\r\n\t\t\t\t<a href=\"https:\/\/www.capanoadvogados.com.br\/capano\/2025\/05\/07\/definicao-de-policiamento-comunitario-pode-esclarecer-atuacao-de-guardas-civis\/\" >Defini\u00e7\u00e3o de &#8216;policiamento comunit\u00e1rio&#8217; pode esclarecer atua\u00e7\u00e3o de guardas civis<\/a>\r\n\t\t\t\t<\/h1>\r\n\t\t\t\t\n<div class=\"entry-meta\">\n\t\n\t\t<a href=\"https:\/\/www.capanoadvogados.com.br\/capano\/2025\/05\/07\/\">\n\t\t\t<span>\n\t\t\t\t<time>7 de maio de 2025<\/time>\n\t\t\t<\/span>\n\t\t<\/a>\n\t\t<\/div>\t\t\t\t\t<p>O termo \u201cpoliciamento ostensivo e comunit\u00e1rio\u201d, utilizado pelo Supremo Tribunal Federal na tese que tratou dos limites de atua\u00e7\u00e3...<\/p>\r\n\t\t\t\t\t\t\t<\/div>\r\n\t\t<\/div>\r\n\t<\/li>\r\n\t\t<li class=\"de-sc-post-tabs__item capano \">\r\n\t\t<div class=\"uk-text-left entry-wrapper\" style=\"\">\r\n\t\t\t\t<a href=\"https:\/\/www.capanoadvogados.com.br\/capano\/2025\/05\/07\/jp-news-pinheiros-e-o-bairro-com-mais-roubos-de-celular-em-sp\/\" class=\"de-ratio de-ratio-1-1\">\r\n\t\t\t\t\t\t\t\t\t\t<img loading=\"lazy\" decoding=\"async\" width=\"1366\" height=\"768\" src=\"https:\/\/www.capanoadvogados.com.br\/capano\/wp-content\/uploads\/2025\/04\/capano-fernando-jpnews.jpg\" class=\"de-ratio-content\" alt=\"\" srcset=\"https:\/\/www.capanoadvogados.com.br\/capano\/wp-content\/uploads\/2025\/04\/capano-fernando-jpnews.jpg 1366w, https:\/\/www.capanoadvogados.com.br\/capano\/wp-content\/uploads\/2025\/04\/capano-fernando-jpnews-300x169.jpg 300w, https:\/\/www.capanoadvogados.com.br\/capano\/wp-content\/uploads\/2025\/04\/capano-fernando-jpnews-1024x576.jpg 1024w, https:\/\/www.capanoadvogados.com.br\/capano\/wp-content\/uploads\/2025\/04\/capano-fernando-jpnews-768x432.jpg 768w\" sizes=\"auto, (max-width: 1366px) 100vw, 1366px\" \/>\t\t\t\t\t\t\t\t<\/a>\r\n\t\t\t<div class=\"de-sc-post-tabs__content uk-padding uk-overlay de-sc-post-tabs__align--left\">\r\n\t\t\t\t<div class=\"entry-categories\">\n\t\n<a href=\"https:\/\/www.capanoadvogados.com.br\/capano\/category\/capano\/\">\n\tcapano<\/a>\n<\/div>\t\t\t\t<h1 >\r\n\t\t\t\t<a href=\"https:\/\/www.capanoadvogados.com.br\/capano\/2025\/05\/07\/jp-news-pinheiros-e-o-bairro-com-mais-roubos-de-celular-em-sp\/\" >JP News \u2013 Pinheiros \u00e9 o bairro com mais roubos de celular em SP.<\/a>\r\n\t\t\t\t<\/h1>\r\n\t\t\t\t\n<div class=\"entry-meta\">\n\t\n\t\t<a href=\"https:\/\/www.capanoadvogados.com.br\/capano\/2025\/05\/07\/\">\n\t\t\t<span>\n\t\t\t\t<time>7 de maio de 2025<\/time>\n\t\t\t<\/span>\n\t\t<\/a>\n\t\t<\/div>\t\t\t\t\t<p>JP News \u2013 Pinheiros \u00e9 o bairro com mais roubos de celular em SP. Entrevista do gestor da Capano, Passafaro Advogados Associados, ...<\/p>\r\n\t\t\t\t\t\t\t<\/div>\r\n\t\t<\/div>\r\n\t<\/li>\r\n\t        <\/ul>\r\n    <\/div>\r\n    <\/div>\r\n\r\n<\/div>\r\n[\/vc_column][\/vc_row]<\/p>\n","protected":false},"excerpt":{"rendered":"<p>[vc_row dahz_id=&#8221;1672094885657-0e5f59ac-de57&#8243;][vc_column][\/vc_column][\/vc_row]<\/p>\n","protected":false},"author":1,"featured_media":0,"parent":0,"menu_order":0,"comment_status":"closed","ping_status":"closed","template":"","meta":{"footnotes":""},"class_list":["post-441","page","type-page","status-publish","hentry"],"_links":{"self":[{"href":"https:\/\/www.capanoadvogados.com.br\/capano\/wp-json\/wp\/v2\/pages\/441","targetHints":{"allow":["GET"]}}],"collection":[{"href":"https:\/\/www.capanoadvogados.com.br\/capano\/wp-json\/wp\/v2\/pages"}],"about":[{"href":"https:\/\/www.capanoadvogados.com.br\/capano\/wp-json\/wp\/v2\/types\/page"}],"author":[{"embeddable":true,"href":"https:\/\/www.capanoadvogados.com.br\/capano\/wp-json\/wp\/v2\/users\/1"}],"replies":[{"embeddable":true,"href":"https:\/\/www.capanoadvogados.com.br\/capano\/wp-json\/wp\/v2\/comments?post=441"}],"version-history":[{"count":13,"href":"https:\/\/www.capanoadvogados.com.br\/capano\/wp-json\/wp\/v2\/pages\/441\/revisions"}],"predecessor-version":[{"id":888,"href":"https:\/\/www.capanoadvogados.com.br\/capano\/wp-json\/wp\/v2\/pages\/441\/revisions\/888"}],"wp:attachment":[{"href":"https:\/\/www.capanoadvogados.com.br\/capano\/wp-json\/wp\/v2\/media?parent=441"}],"curies":[{"name":"wp","href":"https:\/\/api.w.org\/{rel}","templated":true}]}}